{"id":420,"date":"2018-10-21T15:20:35","date_gmt":"2018-10-21T15:20:35","guid":{"rendered":"http:\/\/icareer24.com\/?page_id=420"},"modified":"2020-07-19T20:31:02","modified_gmt":"2020-07-19T20:31:02","slug":"fuer-den-arbeitgeber","status":"publish","type":"page","link":"https:\/\/icareer24.com\/de\/fuer-den-arbeitgeber\/","title":{"rendered":"Arbeitgeber \/ Agenturen"},"content":{"rendered":"<div class=\"fusion-title title fusion-sep-none fusion-title-size-four fusion-border-below-title\">\n<p>Wir bieten Rekrutierungsdienstleistungen f\u00fcr Arbeitgeber und Personaldienstleistung Unternehmen im Zusammenhang mit der Rekrutierung von Hilfs-, Fach- und F\u00fchrungskr\u00e4ften aus der Europ\u00e4ischen Union an.<\/p>\n<p>Unser Ziel ist es,\u00a0unseren Gesch\u00e4ftspartnern Mitarbeiter zur Verf\u00fcgung zu stellen, die ihren Anforderungen und Erwartungen entsprechen.<\/p>\n<p>Wenn Sie Fragen haben sollten, kontaktieren Sie uns bitte telefonisch oder per E-Mail.<\/p>\n<p>Tel: +48 571 381 734<\/p>\n<p>E-Mail: recruitment@icareer24.com<\/p>\n<\/div>\n<div class=\"fusion-text\">\n<div class=\"caldera-grid\" id=\"caldera_form_1\" data-cf-ver=\"1.9.1\" data-cf-form-id=\"CF5c3a806c42f83\"><div id=\"caldera_notices_1\" data-spinner=\"https:\/\/icareer24.com\/wp-admin\/images\/spinner.gif\"><\/div><form data-instance=\"1\" class=\"CF5c3a806c42f83 caldera_forms_form cfajax-trigger\" method=\"POST\" enctype=\"multipart\/form-data\" id=\"CF5c3a806c42f83_1\" data-form-id=\"CF5c3a806c42f83\" aria-label=\"Zg\u0142oszenie pracodawcy D\" data-target=\"#caldera_notices_1\" data-template=\"#cfajax_CF5c3a806c42f83-tmpl\" data-cfajax=\"CF5c3a806c42f83\" data-load-element=\"_parent\" data-load-class=\"cf_processing\" data-post-disable=\"0\" data-action=\"cf_process_ajax_submit\" data-request=\"https:\/\/icareer24.com\/de\/\/cf-api\/CF5c3a806c42f83\" data-hiderows=\"true\">\r\n<input type=\"hidden\" id=\"_cf_verify_CF5c3a806c42f83\" name=\"_cf_verify\" value=\"602a9be016\"  data-nonce-time=\"1777381752\" \/><input type=\"hidden\" name=\"_wp_http_referer\" value=\"\/de\/wp-json\/wp\/v2\/pages\/420\" \/><div id=\"cf2-CF5c3a806c42f83_1\"><\/div><input type=\"hidden\" name=\"_cf_frm_id\" value=\"CF5c3a806c42f83\">\r\n<input type=\"hidden\" name=\"_cf_frm_ct\" value=\"1\">\r\n<input type=\"hidden\" name=\"cfajax\" value=\"CF5c3a806c42f83\">\r\n<input type=\"hidden\" name=\"_cf_cr_pst\" value=\"420\">\r\n<div class=\"hide\" style=\"display:none; overflow:hidden;height:0;width:0;\">\r\n<label>Web Site<\/label><input type=\"text\" name=\"web_site\" value=\"\" autocomplete=\"off\">\r\n<\/div><div id=\"CF5c3a806c42f83_1-row-1\"  class=\"row  first_row\"><div  class=\"col-sm-12  single\"><div class=\"\"><h3>Kontaktformular<\/h3>\n<\/div><\/div><\/div><div id=\"CF5c3a806c42f83_1-row-2\"  class=\"row \"><div  class=\"col-sm-3  first_col\"><div data-field-wrapper=\"fld_4504149\" class=\"form-group\" id=\"fld_4504149_1-wrap\">\r\n\t<label id=\"fld_4504149Label\" for=\"fld_4504149_1\" class=\"control-label\">Firma <span aria-hidden=\"true\" role=\"presentation\" class=\"field_required\" style=\"color:#ee0000;\">*<\/span><\/label>\r\n\t<div class=\"\">\r\n\t\t<input   required type=\"text\" data-field=\"fld_4504149\" class=\" form-control\" id=\"fld_4504149_1\" name=\"fld_4504149\" value=\"\" data-type=\"text\" aria-required=\"true\"   aria-labelledby=\"fld_4504149Label\" >\t\t\t<\/div>\r\n<\/div>\r\n<\/div><div  class=\"col-sm-3 \"><div data-field-wrapper=\"fld_2029829\" class=\"form-group\" id=\"fld_2029829_1-wrap\">\r\n\t<label id=\"fld_2029829Label\" for=\"fld_2029829_1\" class=\"control-label\">Vor- und Nachname <span aria-hidden=\"true\" role=\"presentation\" class=\"field_required\" style=\"color:#ee0000;\">*<\/span><\/label>\r\n\t<div class=\"\">\r\n\t\t<input   required type=\"text\" data-field=\"fld_2029829\" class=\" form-control\" id=\"fld_2029829_1\" name=\"fld_2029829\" value=\"\" data-type=\"text\" aria-required=\"true\"   aria-labelledby=\"fld_2029829Label\" >\t\t\t<\/div>\r\n<\/div>\r\n<\/div><div  class=\"col-sm-3 \"><div data-field-wrapper=\"fld_2454689\" class=\"form-group\" id=\"fld_2454689_1-wrap\">\r\n\t<label id=\"fld_2454689Label\" for=\"fld_2454689_1\" class=\"control-label\">E-Mail <span aria-hidden=\"true\" role=\"presentation\" class=\"field_required\" style=\"color:#ee0000;\">*<\/span><\/label>\r\n\t<div class=\"\">\r\n\t\t<input   required type=\"text\" data-field=\"fld_2454689\" class=\" form-control\" id=\"fld_2454689_1\" name=\"fld_2454689\" value=\"\" data-type=\"text\" aria-required=\"true\"   aria-labelledby=\"fld_2454689Label\" >\t\t\t<\/div>\r\n<\/div>\r\n<\/div><div  class=\"col-sm-3  last_col\"><div data-field-wrapper=\"fld_3002982\" class=\"form-group\" id=\"fld_3002982_1-wrap\">\r\n\t<label id=\"fld_3002982Label\" for=\"fld_3002982_1\" class=\"control-label\">Betreff<\/label>\r\n\t<div class=\"\">\r\n\t\t<input    type=\"text\" data-field=\"fld_3002982\" class=\" form-control\" id=\"fld_3002982_1\" name=\"fld_3002982\" value=\"\" data-type=\"text\"   aria-labelledby=\"fld_3002982Label\" >\t\t\t<\/div>\r\n<\/div>\r\n<\/div><\/div><div id=\"CF5c3a806c42f83_1-row-3\"  class=\"row \"><div  class=\"col-sm-12  single\"><div data-field-wrapper=\"fld_7683514\" class=\"form-group\" id=\"fld_7683514_1-wrap\">\r\n\t<label id=\"fld_7683514Label\" for=\"fld_7683514_1\" class=\"control-label\">Nachricht <span aria-hidden=\"true\" role=\"presentation\" class=\"field_required\" style=\"color:#ee0000;\">*<\/span><\/label>\r\n\t<div class=\"\">\r\n\t\t<textarea name=\"fld_7683514\" value=\"\" data-field=\"fld_7683514\" class=\"form-control\" id=\"fld_7683514_1\" rows=\"7\"  required=\"required\"  aria-labelledby=\"fld_7683514Label\" ><\/textarea>\r\n\t\t\t<\/div>\r\n<\/div>\r\n<\/div><\/div><div id=\"CF5c3a806c42f83_1-row-4\"  class=\"row  last_row\"><div  class=\"col-sm-12  single\"><div data-field-wrapper=\"fld_7908577\" class=\"form-group\" id=\"fld_7908577_1-wrap\">\r\n<div class=\"\">\r\n\t<input  class=\"btn btn-default\" type=\"submit\" name=\"fld_7908577\" id=\"fld_7908577_1\" value=\"Senden\" data-field=\"fld_7908577\"  >\r\n<\/div>\r\n<\/div>\r\n\t<input class=\"button_trigger_1\" type=\"hidden\" name=\"fld_7908577\" id=\"fld_7908577_1_btn\" value=\"\" data-field=\"fld_7908577\"  \/>\r\n<\/div><\/div><\/form>\r\n<\/div>\r\n\n<\/div>\n","protected":false},"excerpt":{"rendered":"<p>Wir bieten Rekrutierungsdienstleistungen f\u00fcr Arbeitgeber und Personaldienstleistung Unternehmen im Zusammenhang mit der Rekrutierung von Hilfs-, Fach- und F\u00fchrungskr\u00e4ften aus der Europ\u00e4ischen Union an. Unser Ziel ist es,\u00a0unseren Gesch\u00e4ftspartnern Mitarbeiter zur Verf\u00fcgung zu stellen, die ihren Anforderungen und Erwartungen entsprechen. Wenn Sie Fragen haben sollten, kontaktieren Sie uns bitte telefonisch oder per E-Mail. Tel: +48 571 [&hellip;]<\/p>\n","protected":false},"author":1,"featured_media":0,"parent":0,"menu_order":0,"comment_status":"closed","ping_status":"closed","template":"","meta":{"_acf_changed":false,"footnotes":""},"class_list":["post-420","page","type-page","status-publish","hentry"],"acf":[],"yoast_head":"<!-- This site is optimized with the Yoast SEO plugin v26.2 - https:\/\/yoast.com\/wordpress\/plugins\/seo\/ -->\n<title>Arbeitgeber \/ Agenturen - Icareer 24<\/title>\n<meta name=\"robots\" content=\"index, follow, max-snippet:-1, max-image-preview:large, max-video-preview:-1\" \/>\n<link rel=\"canonical\" href=\"https:\/\/icareer24.com\/dla-pracodawcy\/\" \/>\n<meta property=\"og:locale\" content=\"de_DE\" \/>\n<meta property=\"og:type\" content=\"article\" \/>\n<meta property=\"og:title\" content=\"Arbeitgeber \/ Agenturen - Icareer 24\" \/>\n<meta property=\"og:description\" content=\"Wir bieten Rekrutierungsdienstleistungen f\u00fcr Arbeitgeber und Personaldienstleistung Unternehmen im Zusammenhang mit der Rekrutierung von Hilfs-, Fach- und F\u00fchrungskr\u00e4ften aus der Europ\u00e4ischen Union an. Unser Ziel ist es,\u00a0unseren Gesch\u00e4ftspartnern Mitarbeiter zur Verf\u00fcgung zu stellen, die ihren Anforderungen und Erwartungen entsprechen. Wenn Sie Fragen haben sollten, kontaktieren Sie uns bitte telefonisch oder per E-Mail. Tel: +48 571 [&hellip;]\" \/>\n<meta property=\"og:url\" content=\"https:\/\/icareer24.com\/dla-pracodawcy\/\" \/>\n<meta property=\"og:site_name\" content=\"Icareer 24\" \/>\n<meta property=\"article:modified_time\" content=\"2020-07-19T20:31:02+00:00\" \/>\n<meta name=\"twitter:card\" content=\"summary_large_image\" \/>\n<script type=\"application\/ld+json\" class=\"yoast-schema-graph\">{\"@context\":\"https:\/\/schema.org\",\"@graph\":[{\"@type\":\"WebPage\",\"@id\":\"https:\/\/icareer24.com\/dla-pracodawcy\/\",\"url\":\"https:\/\/icareer24.com\/dla-pracodawcy\/\",\"name\":\"Arbeitgeber \/ Agenturen - Icareer 24\",\"isPartOf\":{\"@id\":\"https:\/\/icareer24.com\/#website\"},\"datePublished\":\"2018-10-21T15:20:35+00:00\",\"dateModified\":\"2020-07-19T20:31:02+00:00\",\"breadcrumb\":{\"@id\":\"https:\/\/icareer24.com\/dla-pracodawcy\/#breadcrumb\"},\"inLanguage\":\"de\",\"potentialAction\":[{\"@type\":\"ReadAction\",\"target\":[\"https:\/\/icareer24.com\/dla-pracodawcy\/\"]}]},{\"@type\":\"BreadcrumbList\",\"@id\":\"https:\/\/icareer24.com\/dla-pracodawcy\/#breadcrumb\",\"itemListElement\":[{\"@type\":\"ListItem\",\"position\":1,\"name\":\"Strona g\u0142\u00f3wna\",\"item\":\"https:\/\/icareer24.com\/\"},{\"@type\":\"ListItem\",\"position\":2,\"name\":\"Arbeitgeber \/ Agenturen\"}]},{\"@type\":\"WebSite\",\"@id\":\"https:\/\/icareer24.com\/#website\",\"url\":\"https:\/\/icareer24.com\/\",\"name\":\"Icareer 24\",\"description\":\"\",\"publisher\":{\"@id\":\"https:\/\/icareer24.com\/#organization\"},\"potentialAction\":[{\"@type\":\"SearchAction\",\"target\":{\"@type\":\"EntryPoint\",\"urlTemplate\":\"https:\/\/icareer24.com\/?s={search_term_string}\"},\"query-input\":{\"@type\":\"PropertyValueSpecification\",\"valueRequired\":true,\"valueName\":\"search_term_string\"}}],\"inLanguage\":\"de\"},{\"@type\":\"Organization\",\"@id\":\"https:\/\/icareer24.com\/#organization\",\"name\":\"Icareer 24\",\"url\":\"https:\/\/icareer24.com\/\",\"logo\":{\"@type\":\"ImageObject\",\"inLanguage\":\"de\",\"@id\":\"https:\/\/icareer24.com\/#\/schema\/logo\/image\/\",\"url\":\"https:\/\/icareer24.com\/wp-content\/uploads\/2018\/10\/logoic-3.jpg\",\"contentUrl\":\"https:\/\/icareer24.com\/wp-content\/uploads\/2018\/10\/logoic-3.jpg\",\"width\":300,\"height\":114,\"caption\":\"Icareer 24\"},\"image\":{\"@id\":\"https:\/\/icareer24.com\/#\/schema\/logo\/image\/\"}}]}<\/script>\n<!-- \/ Yoast SEO plugin. -->","yoast_head_json":{"title":"Arbeitgeber \/ Agenturen - Icareer 24","robots":{"index":"index","follow":"follow","max-snippet":"max-snippet:-1","max-image-preview":"max-image-preview:large","max-video-preview":"max-video-preview:-1"},"canonical":"https:\/\/icareer24.com\/dla-pracodawcy\/","og_locale":"de_DE","og_type":"article","og_title":"Arbeitgeber \/ Agenturen - Icareer 24","og_description":"Wir bieten Rekrutierungsdienstleistungen f\u00fcr Arbeitgeber und Personaldienstleistung Unternehmen im Zusammenhang mit der Rekrutierung von Hilfs-, Fach- und F\u00fchrungskr\u00e4ften aus der Europ\u00e4ischen Union an. Unser Ziel ist es,\u00a0unseren Gesch\u00e4ftspartnern Mitarbeiter zur Verf\u00fcgung zu stellen, die ihren Anforderungen und Erwartungen entsprechen. Wenn Sie Fragen haben sollten, kontaktieren Sie uns bitte telefonisch oder per E-Mail. Tel: +48 571 [&hellip;]","og_url":"https:\/\/icareer24.com\/dla-pracodawcy\/","og_site_name":"Icareer 24","article_modified_time":"2020-07-19T20:31:02+00:00","twitter_card":"summary_large_image","schema":{"@context":"https:\/\/schema.org","@graph":[{"@type":"WebPage","@id":"https:\/\/icareer24.com\/dla-pracodawcy\/","url":"https:\/\/icareer24.com\/dla-pracodawcy\/","name":"Arbeitgeber \/ Agenturen - Icareer 24","isPartOf":{"@id":"https:\/\/icareer24.com\/#website"},"datePublished":"2018-10-21T15:20:35+00:00","dateModified":"2020-07-19T20:31:02+00:00","breadcrumb":{"@id":"https:\/\/icareer24.com\/dla-pracodawcy\/#breadcrumb"},"inLanguage":"de","potentialAction":[{"@type":"ReadAction","target":["https:\/\/icareer24.com\/dla-pracodawcy\/"]}]},{"@type":"BreadcrumbList","@id":"https:\/\/icareer24.com\/dla-pracodawcy\/#breadcrumb","itemListElement":[{"@type":"ListItem","position":1,"name":"Strona g\u0142\u00f3wna","item":"https:\/\/icareer24.com\/"},{"@type":"ListItem","position":2,"name":"Arbeitgeber \/ Agenturen"}]},{"@type":"WebSite","@id":"https:\/\/icareer24.com\/#website","url":"https:\/\/icareer24.com\/","name":"Icareer 24","description":"","publisher":{"@id":"https:\/\/icareer24.com\/#organization"},"potentialAction":[{"@type":"SearchAction","target":{"@type":"EntryPoint","urlTemplate":"https:\/\/icareer24.com\/?s={search_term_string}"},"query-input":{"@type":"PropertyValueSpecification","valueRequired":true,"valueName":"search_term_string"}}],"inLanguage":"de"},{"@type":"Organization","@id":"https:\/\/icareer24.com\/#organization","name":"Icareer 24","url":"https:\/\/icareer24.com\/","logo":{"@type":"ImageObject","inLanguage":"de","@id":"https:\/\/icareer24.com\/#\/schema\/logo\/image\/","url":"https:\/\/icareer24.com\/wp-content\/uploads\/2018\/10\/logoic-3.jpg","contentUrl":"https:\/\/icareer24.com\/wp-content\/uploads\/2018\/10\/logoic-3.jpg","width":300,"height":114,"caption":"Icareer 24"},"image":{"@id":"https:\/\/icareer24.com\/#\/schema\/logo\/image\/"}}]}},"_links":{"self":[{"href":"https:\/\/icareer24.com\/de\/wp-json\/wp\/v2\/pages\/420","targetHints":{"allow":["GET"]}}],"collection":[{"href":"https:\/\/icareer24.com\/de\/wp-json\/wp\/v2\/pages"}],"about":[{"href":"https:\/\/icareer24.com\/de\/wp-json\/wp\/v2\/types\/page"}],"author":[{"embeddable":true,"href":"https:\/\/icareer24.com\/de\/wp-json\/wp\/v2\/users\/1"}],"replies":[{"embeddable":true,"href":"https:\/\/icareer24.com\/de\/wp-json\/wp\/v2\/comments?post=420"}],"version-history":[{"count":15,"href":"https:\/\/icareer24.com\/de\/wp-json\/wp\/v2\/pages\/420\/revisions"}],"predecessor-version":[{"id":1943,"href":"https:\/\/icareer24.com\/de\/wp-json\/wp\/v2\/pages\/420\/revisions\/1943"}],"wp:attachment":[{"href":"https:\/\/icareer24.com\/de\/wp-json\/wp\/v2\/media?parent=420"}],"curies":[{"name":"wp","href":"https:\/\/api.w.org\/{rel}","templated":true}]}}