{"id":411,"date":"2018-10-21T15:02:54","date_gmt":"2018-10-21T15:02:54","guid":{"rendered":"http:\/\/icareer24.com\/?page_id=411"},"modified":"2024-05-16T13:08:51","modified_gmt":"2024-05-16T11:08:51","slug":"ueber-uns","status":"publish","type":"page","link":"https:\/\/icareer24.com\/de\/ueber-uns\/","title":{"rendered":"\u00dcber uns"},"content":{"rendered":"<p>Wir sind eine Personalvermittlungsagentur, die sich auf die Rekrutierung von polnischen Mitarbeitern f\u00fcr Arbeitgeber und Personalagenturen in der Europ\u00e4ischen Union spezialisiert hat, in Branchen wie der Industrie, Transport, Logistik, Fertigung, Bauwesen und anderen Wirtschaftssektoren.<\/p>\n<p>W\u00e4hrend des gesamten Rekrutierungsprozesses unterst\u00fctzen wir beide Seiten und koordinieren den gesamten Bewerbungsablauf. Unser Angebot richtet sich nach den Bed\u00fcrfnissen unserer Kunden.<\/p>\n<p>Sollten Sie Fragen haben, rufen Sie uns bitte an oder schreiben Sie uns eine E-Mail.<\/p>\n<p>Tel.: +48 571 381 734<\/p>\n<p>E-Mail: recruitment@icareer24.com<\/p>\n<p>&nbsp;<\/p>\n","protected":false},"excerpt":{"rendered":"<p>Wir sind eine Personalvermittlungsagentur, die sich auf die Rekrutierung von polnischen Mitarbeitern f\u00fcr Arbeitgeber und Personalagenturen in der Europ\u00e4ischen Union spezialisiert hat, in Branchen wie der Industrie, Transport, Logistik, Fertigung, Bauwesen und anderen Wirtschaftssektoren. W\u00e4hrend des gesamten Rekrutierungsprozesses unterst\u00fctzen wir beide Seiten und koordinieren den gesamten Bewerbungsablauf. Unser Angebot richtet sich nach den Bed\u00fcrfnissen unserer [&hellip;]<\/p>\n","protected":false},"author":1,"featured_media":0,"parent":0,"menu_order":0,"comment_status":"closed","ping_status":"closed","template":"","meta":{"_acf_changed":false,"footnotes":""},"class_list":["post-411","page","type-page","status-publish","hentry"],"acf":[],"yoast_head":"<!-- This site is optimized with the Yoast SEO plugin v26.2 - https:\/\/yoast.com\/wordpress\/plugins\/seo\/ -->\n<title>\u00dcber uns - Icareer 24<\/title>\n<meta name=\"robots\" content=\"index, follow, max-snippet:-1, max-image-preview:large, max-video-preview:-1\" \/>\n<link rel=\"canonical\" href=\"https:\/\/icareer24.com\/de\/ueber-uns\/\" \/>\n<meta property=\"og:locale\" content=\"de_DE\" \/>\n<meta property=\"og:type\" content=\"article\" \/>\n<meta property=\"og:title\" content=\"\u00dcber uns - Icareer 24\" \/>\n<meta property=\"og:description\" content=\"Wir sind eine Personalvermittlungsagentur, die sich auf die Rekrutierung von polnischen Mitarbeitern f\u00fcr Arbeitgeber und Personalagenturen in der Europ\u00e4ischen Union spezialisiert hat, in Branchen wie der Industrie, Transport, Logistik, Fertigung, Bauwesen und anderen Wirtschaftssektoren. W\u00e4hrend des gesamten Rekrutierungsprozesses unterst\u00fctzen wir beide Seiten und koordinieren den gesamten Bewerbungsablauf. Unser Angebot richtet sich nach den Bed\u00fcrfnissen unserer [&hellip;]\" \/>\n<meta property=\"og:url\" content=\"https:\/\/icareer24.com\/de\/ueber-uns\/\" \/>\n<meta property=\"og:site_name\" content=\"Icareer 24\" \/>\n<meta property=\"article:modified_time\" content=\"2024-05-16T11:08:51+00:00\" \/>\n<meta name=\"twitter:card\" content=\"summary_large_image\" \/>\n<meta name=\"twitter:label1\" content=\"Gesch\u00e4tzte Lesezeit\" \/>\n\t<meta name=\"twitter:data1\" content=\"1\u00a0Minute\" \/>\n<script type=\"application\/ld+json\" class=\"yoast-schema-graph\">{\"@context\":\"https:\/\/schema.org\",\"@graph\":[{\"@type\":\"WebPage\",\"@id\":\"https:\/\/icareer24.com\/de\/ueber-uns\/\",\"url\":\"https:\/\/icareer24.com\/de\/ueber-uns\/\",\"name\":\"\u00dcber uns - Icareer 24\",\"isPartOf\":{\"@id\":\"https:\/\/icareer24.com\/#website\"},\"datePublished\":\"2018-10-21T15:02:54+00:00\",\"dateModified\":\"2024-05-16T11:08:51+00:00\",\"breadcrumb\":{\"@id\":\"https:\/\/icareer24.com\/de\/ueber-uns\/#breadcrumb\"},\"inLanguage\":\"de\",\"potentialAction\":[{\"@type\":\"ReadAction\",\"target\":[\"https:\/\/icareer24.com\/de\/ueber-uns\/\"]}]},{\"@type\":\"BreadcrumbList\",\"@id\":\"https:\/\/icareer24.com\/de\/ueber-uns\/#breadcrumb\",\"itemListElement\":[{\"@type\":\"ListItem\",\"position\":1,\"name\":\"Strona g\u0142\u00f3wna\",\"item\":\"https:\/\/icareer24.com\/\"},{\"@type\":\"ListItem\",\"position\":2,\"name\":\"\u00dcber uns\"}]},{\"@type\":\"WebSite\",\"@id\":\"https:\/\/icareer24.com\/#website\",\"url\":\"https:\/\/icareer24.com\/\",\"name\":\"Icareer 24\",\"description\":\"\",\"publisher\":{\"@id\":\"https:\/\/icareer24.com\/#organization\"},\"potentialAction\":[{\"@type\":\"SearchAction\",\"target\":{\"@type\":\"EntryPoint\",\"urlTemplate\":\"https:\/\/icareer24.com\/?s={search_term_string}\"},\"query-input\":{\"@type\":\"PropertyValueSpecification\",\"valueRequired\":true,\"valueName\":\"search_term_string\"}}],\"inLanguage\":\"de\"},{\"@type\":\"Organization\",\"@id\":\"https:\/\/icareer24.com\/#organization\",\"name\":\"Icareer 24\",\"url\":\"https:\/\/icareer24.com\/\",\"logo\":{\"@type\":\"ImageObject\",\"inLanguage\":\"de\",\"@id\":\"https:\/\/icareer24.com\/#\/schema\/logo\/image\/\",\"url\":\"https:\/\/icareer24.com\/wp-content\/uploads\/2018\/10\/logoic-3.jpg\",\"contentUrl\":\"https:\/\/icareer24.com\/wp-content\/uploads\/2018\/10\/logoic-3.jpg\",\"width\":300,\"height\":114,\"caption\":\"Icareer 24\"},\"image\":{\"@id\":\"https:\/\/icareer24.com\/#\/schema\/logo\/image\/\"}}]}<\/script>\n<!-- \/ Yoast SEO plugin. -->","yoast_head_json":{"title":"\u00dcber uns - Icareer 24","robots":{"index":"index","follow":"follow","max-snippet":"max-snippet:-1","max-image-preview":"max-image-preview:large","max-video-preview":"max-video-preview:-1"},"canonical":"https:\/\/icareer24.com\/de\/ueber-uns\/","og_locale":"de_DE","og_type":"article","og_title":"\u00dcber uns - Icareer 24","og_description":"Wir sind eine Personalvermittlungsagentur, die sich auf die Rekrutierung von polnischen Mitarbeitern f\u00fcr Arbeitgeber und Personalagenturen in der Europ\u00e4ischen Union spezialisiert hat, in Branchen wie der Industrie, Transport, Logistik, Fertigung, Bauwesen und anderen Wirtschaftssektoren. W\u00e4hrend des gesamten Rekrutierungsprozesses unterst\u00fctzen wir beide Seiten und koordinieren den gesamten Bewerbungsablauf. Unser Angebot richtet sich nach den Bed\u00fcrfnissen unserer [&hellip;]","og_url":"https:\/\/icareer24.com\/de\/ueber-uns\/","og_site_name":"Icareer 24","article_modified_time":"2024-05-16T11:08:51+00:00","twitter_card":"summary_large_image","twitter_misc":{"Gesch\u00e4tzte Lesezeit":"1\u00a0Minute"},"schema":{"@context":"https:\/\/schema.org","@graph":[{"@type":"WebPage","@id":"https:\/\/icareer24.com\/de\/ueber-uns\/","url":"https:\/\/icareer24.com\/de\/ueber-uns\/","name":"\u00dcber uns - Icareer 24","isPartOf":{"@id":"https:\/\/icareer24.com\/#website"},"datePublished":"2018-10-21T15:02:54+00:00","dateModified":"2024-05-16T11:08:51+00:00","breadcrumb":{"@id":"https:\/\/icareer24.com\/de\/ueber-uns\/#breadcrumb"},"inLanguage":"de","potentialAction":[{"@type":"ReadAction","target":["https:\/\/icareer24.com\/de\/ueber-uns\/"]}]},{"@type":"BreadcrumbList","@id":"https:\/\/icareer24.com\/de\/ueber-uns\/#breadcrumb","itemListElement":[{"@type":"ListItem","position":1,"name":"Strona g\u0142\u00f3wna","item":"https:\/\/icareer24.com\/"},{"@type":"ListItem","position":2,"name":"\u00dcber uns"}]},{"@type":"WebSite","@id":"https:\/\/icareer24.com\/#website","url":"https:\/\/icareer24.com\/","name":"Icareer 24","description":"","publisher":{"@id":"https:\/\/icareer24.com\/#organization"},"potentialAction":[{"@type":"SearchAction","target":{"@type":"EntryPoint","urlTemplate":"https:\/\/icareer24.com\/?s={search_term_string}"},"query-input":{"@type":"PropertyValueSpecification","valueRequired":true,"valueName":"search_term_string"}}],"inLanguage":"de"},{"@type":"Organization","@id":"https:\/\/icareer24.com\/#organization","name":"Icareer 24","url":"https:\/\/icareer24.com\/","logo":{"@type":"ImageObject","inLanguage":"de","@id":"https:\/\/icareer24.com\/#\/schema\/logo\/image\/","url":"https:\/\/icareer24.com\/wp-content\/uploads\/2018\/10\/logoic-3.jpg","contentUrl":"https:\/\/icareer24.com\/wp-content\/uploads\/2018\/10\/logoic-3.jpg","width":300,"height":114,"caption":"Icareer 24"},"image":{"@id":"https:\/\/icareer24.com\/#\/schema\/logo\/image\/"}}]}},"_links":{"self":[{"href":"https:\/\/icareer24.com\/de\/wp-json\/wp\/v2\/pages\/411","targetHints":{"allow":["GET"]}}],"collection":[{"href":"https:\/\/icareer24.com\/de\/wp-json\/wp\/v2\/pages"}],"about":[{"href":"https:\/\/icareer24.com\/de\/wp-json\/wp\/v2\/types\/page"}],"author":[{"embeddable":true,"href":"https:\/\/icareer24.com\/de\/wp-json\/wp\/v2\/users\/1"}],"replies":[{"embeddable":true,"href":"https:\/\/icareer24.com\/de\/wp-json\/wp\/v2\/comments?post=411"}],"version-history":[{"count":15,"href":"https:\/\/icareer24.com\/de\/wp-json\/wp\/v2\/pages\/411\/revisions"}],"predecessor-version":[{"id":6883,"href":"https:\/\/icareer24.com\/de\/wp-json\/wp\/v2\/pages\/411\/revisions\/6883"}],"wp:attachment":[{"href":"https:\/\/icareer24.com\/de\/wp-json\/wp\/v2\/media?parent=411"}],"curies":[{"name":"wp","href":"https:\/\/api.w.org\/{rel}","templated":true}]}}